{"id":1647,"date":"2021-10-20T09:30:38","date_gmt":"2021-10-20T07:30:38","guid":{"rendered":"http:\/\/judofenouillet.fr\/?page_id=1647"},"modified":"2022-01-23T15:45:05","modified_gmt":"2022-01-23T14:45:05","slug":"resultats-competitions-officielles","status":"publish","type":"page","link":"https:\/\/judofenouillet.fr\/index.php\/resultats-competitions-officielles\/","title":{"rendered":"R\u00e9sultats"},"content":{"rendered":"\n<p><strong>RESULTATS SELECTION DEPARTEMENTALE MINIMES n\u00b0 1<br>(20\/11\/2021)<\/strong><\/p>\n\n\n\n<p>Bravo \u00e0 nos minimes qui repartent au combat&nbsp;:<\/p>\n\n\n\n<ul class=\"wp-block-list\"><li><strong>Amaury DE LEMOS&nbsp;: NC<\/strong><\/li><li><strong>Noah KOYANGBANDA BEKALE&nbsp;: NC<\/strong><\/li><li><strong>Logan STEIS&nbsp;: 7<sup>\u00e8me<\/sup> <\/strong><strong>\/21 <\/strong><strong>\u00e0<\/strong><strong> QUALIFIE<\/strong><\/li><\/ul>\n\n\n\n<p><strong>RESULTATS CRITERIUM BENJAMIN<\/strong> n\u00b01 (4\/12\/2021)<br><br>Bravo \u00e0 nos benjamins qui gagnent tous au moins un combat ci-dessous le d\u00e9tail des classements&nbsp;:<\/p>\n\n\n\n<ul class=\"wp-block-list\"><li><strong>Maelle BRONNARD&nbsp;: 5<sup>\u00e8me<\/sup> <\/strong><strong>\/7 <\/strong><strong><\/strong><\/li><li><strong>Mustafa AZOUAOUI&nbsp;: 7<sup>\u00e8me<\/sup> <\/strong><strong>\/12 <\/strong><strong><\/strong><\/li><li><strong>Axel KASSIM&nbsp;: 13<sup>\u00e8me<\/sup> <\/strong><strong>\/53&nbsp; <\/strong><strong><\/strong><\/li><li><strong>Maxence PONCIN&nbsp;: 16<sup>\u00e8me<\/sup> <\/strong><strong>\/32&nbsp; <\/strong><strong><\/strong><\/li><li><strong>Sofiane LAZREUG&nbsp;: 10<sup>\u00e8me<\/sup> <\/strong><strong>\/16&nbsp; <\/strong><strong><\/strong><\/li><li><strong>Clara PRIEUR&nbsp;: 3<sup>\u00e8me<\/sup> <\/strong><strong>\/13 <\/strong><strong>&nbsp;<\/strong><\/li><li><strong>Ethan BEUVART&nbsp;: 3<sup>\u00e8me<\/sup> <\/strong><strong>\/16&nbsp; <\/strong><strong><\/strong><\/li><\/ul>\n\n\n\n<p><strong>RESULTATS SELECTION DEPARTEMENTALE MINIMES n\u00b0 2<br>(08\/01\/2022)<\/strong><\/p>\n\n\n\n<p>Bravo \u00e0 nos minimes qui repartent au combat&nbsp;:<\/p>\n\n\n\n<ul class=\"wp-block-list\"><li><strong>K\u00e9lya FAJARDO: 3<sup>\u00e8me<\/sup> <\/strong><strong>\/6<\/strong><strong><\/strong><\/li><li><strong>Noah KOYANGBANDA BEKALE&nbsp;: NC<\/strong><\/li><\/ul>\n\n\n\n<p>Rendez-vous le 22\/01 \u00e0 Tarbes pour Nos deux qualifi\u00e9s&nbsp;:K\u00e9lya et Logan<\/p>\n\n\n\n<p><strong>RESULTATS CRITERIUM BENJAMIN n\u00b0 2<br><\/strong>&nbsp;(15\/01\/2022)<br><br>Bravo \u00e0 nos benjamins<br>ci-dessous le d\u00e9tail des classements&nbsp;:<\/p>\n\n\n\n<ul class=\"wp-block-list\"><li><strong>Axel KASSIM&nbsp;: 16<sup>\u00e8me<\/sup> <\/strong><strong>\/36&nbsp; <\/strong><strong><\/strong><\/li><li><strong>Maelle BRONNARD&nbsp;: 5<sup>\u00e8me<\/sup> <\/strong><strong>\/6 <\/strong><strong><\/strong><\/li><li><strong>Maxime MELVE&nbsp;: 7<sup>\u00e8me<\/sup> <\/strong><strong>\/13&nbsp; <\/strong><strong><\/strong><\/li><li><strong>Mustafa AZOUAOUI&nbsp;: 3<sup>\u00e8me<\/sup> <\/strong><strong>\/9 <\/strong><strong><\/strong><\/li><li><strong>Sofiane LAZREUG&nbsp;: 3<sup>\u00e8me<\/sup> <\/strong><strong>\/12&nbsp; <\/strong><strong><\/strong><\/li><li><strong>Clara PRIEUR&nbsp;: 3<sup>\u00e8me<\/sup> <\/strong><strong>\/12 <\/strong><strong>&nbsp;<\/strong><\/li><li><strong>Ethan BEUVART&nbsp;: 3<sup>\u00e8me<\/sup> <\/strong><strong>\/12&nbsp; <\/strong><strong><\/strong><\/li><\/ul>\n\n\n\n<p>&nbsp;(Rendez-vous le 19\/03\/2022 pour la Finale Haute Garonne)<\/p>\n\n\n\n<p>Bravo \u00e0 tous !<\/p>\n\n\n\n<p><\/p>\n\n\n\n<p class=\"has-large-font-size\">Comp\u00e9titions officielles :<\/p>\n\n\n\n<figure class=\"wp-block-image size-full\"><a href=\"https:\/\/judofenouillet.ffjudo.com\/resultat\/\" target=\"_blank\" rel=\"noopener\"><img loading=\"lazy\" decoding=\"async\" width=\"109\" height=\"99\" src=\"https:\/\/judofenouillet.fr\/wp-content\/uploads\/2022\/01\/Capture-1.jpg\" alt=\"\" class=\"wp-image-1718\"\/><\/a><figcaption><a href=\"https:\/\/judofenouillet.ffjudo.com\/resultat\/\">R\u00e9sultats des comp\u00e9titions\u00a0|\u00a0JUDO CLUB FENOUILLET (ffjudo.com)<\/a><\/figcaption><\/figure>\n\n\n\n<p><\/p>\n","protected":false},"excerpt":{"rendered":"<p>RESULTATS SELECTION DEPARTEMENTALE MINIMES n\u00b0 1(20\/11\/2021) Bravo \u00e0 nos minimes qui repartent au combat&nbsp;: Amaury DE LEMOS&nbsp;: NC Noah KOYANGBANDA BEKALE&nbsp;: NC Logan STEIS&nbsp;: 7\u00e8me \/21 \u00e0 QUALIFIE RESULTATS CRITERIUM BENJAMIN n\u00b01 (4\/12\/2021) Bravo \u00e0 nos benjamins qui gagnent tous au moins un combat ci-dessous le d\u00e9tail des classements&nbsp;: Maelle BRONNARD&nbsp;: 5\u00e8me \/7 Mustafa AZOUAOUI&nbsp;: &hellip; <a href=\"https:\/\/judofenouillet.fr\/index.php\/resultats-competitions-officielles\/\" class=\"more-link\">Continue reading <span class=\"screen-reader-text\">R\u00e9sultats<\/span><\/a><\/p>\n","protected":false},"author":2,"featured_media":0,"parent":0,"menu_order":0,"comment_status":"closed","ping_status":"closed","template":"","meta":{"footnotes":""},"class_list":["post-1647","page","type-page","status-publish","hentry"],"jetpack_sharing_enabled":true,"_links":{"self":[{"href":"https:\/\/judofenouillet.fr\/index.php\/wp-json\/wp\/v2\/pages\/1647"}],"collection":[{"href":"https:\/\/judofenouillet.fr\/index.php\/wp-json\/wp\/v2\/pages"}],"about":[{"href":"https:\/\/judofenouillet.fr\/index.php\/wp-json\/wp\/v2\/types\/page"}],"author":[{"embeddable":true,"href":"https:\/\/judofenouillet.fr\/index.php\/wp-json\/wp\/v2\/users\/2"}],"replies":[{"embeddable":true,"href":"https:\/\/judofenouillet.fr\/index.php\/wp-json\/wp\/v2\/comments?post=1647"}],"version-history":[{"count":4,"href":"https:\/\/judofenouillet.fr\/index.php\/wp-json\/wp\/v2\/pages\/1647\/revisions"}],"predecessor-version":[{"id":1726,"href":"https:\/\/judofenouillet.fr\/index.php\/wp-json\/wp\/v2\/pages\/1647\/revisions\/1726"}],"wp:attachment":[{"href":"https:\/\/judofenouillet.fr\/index.php\/wp-json\/wp\/v2\/media?parent=1647"}],"curies":[{"name":"wp","href":"https:\/\/api.w.org\/{rel}","templated":true}]}}