{"id":2089,"date":"2023-06-27T03:56:47","date_gmt":"2023-06-27T01:56:47","guid":{"rendered":"https:\/\/judofenouillet.fr\/?page_id=2089"},"modified":"2024-09-24T22:16:24","modified_gmt":"2024-09-24T20:16:24","slug":"label-bronze","status":"publish","type":"page","link":"https:\/\/judofenouillet.fr\/index.php\/label-bronze\/","title":{"rendered":"Label Bronze"},"content":{"rendered":"\n<p>Le club obtient le label Bronze de la f\u00e9d\u00e9ration Fran\u00e7aise de Judo.<\/p>\n\n\n\n<figure class=\"wp-block-image size-large\"><img loading=\"lazy\" decoding=\"async\" width=\"1024\" height=\"338\" src=\"https:\/\/judofenouillet.fr\/wp-content\/uploads\/2024\/09\/Copie-de-A4_CLUBS-LABELS-BRONZE-1024x338.png\" alt=\"\" class=\"wp-image-2270\" srcset=\"https:\/\/judofenouillet.fr\/wp-content\/uploads\/2024\/09\/Copie-de-A4_CLUBS-LABELS-BRONZE-1024x338.png 1024w, https:\/\/judofenouillet.fr\/wp-content\/uploads\/2024\/09\/Copie-de-A4_CLUBS-LABELS-BRONZE-300x99.png 300w, https:\/\/judofenouillet.fr\/wp-content\/uploads\/2024\/09\/Copie-de-A4_CLUBS-LABELS-BRONZE-768x254.png 768w, https:\/\/judofenouillet.fr\/wp-content\/uploads\/2024\/09\/Copie-de-A4_CLUBS-LABELS-BRONZE-1536x507.png 1536w, https:\/\/judofenouillet.fr\/wp-content\/uploads\/2024\/09\/Copie-de-A4_CLUBS-LABELS-BRONZE.png 1917w\" sizes=\"(max-width: 1024px) 100vw, 1024px\" \/><\/figure>\n\n\n\n<figure class=\"wp-block-image\"><img loading=\"lazy\" decoding=\"async\" width=\"476\" height=\"1024\" src=\"https:\/\/judofenouillet.fr\/wp-content\/uploads\/2023\/06\/Screenshot_20230627_035414_Gmail-476x1024.jpg\" alt=\"\" class=\"wp-image-2088\" srcset=\"https:\/\/judofenouillet.fr\/wp-content\/uploads\/2023\/06\/Screenshot_20230627_035414_Gmail-476x1024.jpg 476w, https:\/\/judofenouillet.fr\/wp-content\/uploads\/2023\/06\/Screenshot_20230627_035414_Gmail-139x300.jpg 139w, https:\/\/judofenouillet.fr\/wp-content\/uploads\/2023\/06\/Screenshot_20230627_035414_Gmail-768x1652.jpg 768w, https:\/\/judofenouillet.fr\/wp-content\/uploads\/2023\/06\/Screenshot_20230627_035414_Gmail-714x1536.jpg 714w, https:\/\/judofenouillet.fr\/wp-content\/uploads\/2023\/06\/Screenshot_20230627_035414_Gmail-952x2048.jpg 952w, https:\/\/judofenouillet.fr\/wp-content\/uploads\/2023\/06\/Screenshot_20230627_035414_Gmail.jpg 1080w\" sizes=\"(max-width: 476px) 100vw, 476px\" \/><figcaption class=\"wp-element-caption\">Merci \u00e0 tous pour votre investissement.<\/figcaption><\/figure>\n\n\n\n<p><\/p>\n","protected":false},"excerpt":{"rendered":"<p>Le club obtient le label Bronze de la f\u00e9d\u00e9ration Fran\u00e7aise de Judo.<\/p>\n","protected":false},"author":2,"featured_media":0,"parent":0,"menu_order":0,"comment_status":"open","ping_status":"closed","template":"","meta":{"footnotes":""},"class_list":["post-2089","page","type-page","status-publish","hentry"],"jetpack_sharing_enabled":true,"_links":{"self":[{"href":"https:\/\/judofenouillet.fr\/index.php\/wp-json\/wp\/v2\/pages\/2089"}],"collection":[{"href":"https:\/\/judofenouillet.fr\/index.php\/wp-json\/wp\/v2\/pages"}],"about":[{"href":"https:\/\/judofenouillet.fr\/index.php\/wp-json\/wp\/v2\/types\/page"}],"author":[{"embeddable":true,"href":"https:\/\/judofenouillet.fr\/index.php\/wp-json\/wp\/v2\/users\/2"}],"replies":[{"embeddable":true,"href":"https:\/\/judofenouillet.fr\/index.php\/wp-json\/wp\/v2\/comments?post=2089"}],"version-history":[{"count":2,"href":"https:\/\/judofenouillet.fr\/index.php\/wp-json\/wp\/v2\/pages\/2089\/revisions"}],"predecessor-version":[{"id":2272,"href":"https:\/\/judofenouillet.fr\/index.php\/wp-json\/wp\/v2\/pages\/2089\/revisions\/2272"}],"wp:attachment":[{"href":"https:\/\/judofenouillet.fr\/index.php\/wp-json\/wp\/v2\/media?parent=2089"}],"curies":[{"name":"wp","href":"https:\/\/api.w.org\/{rel}","templated":true}]}}