{"id":45,"date":"2020-03-09T11:45:33","date_gmt":"2020-03-09T10:45:33","guid":{"rendered":"http:\/\/judofenouillet.fr\/?page_id=45"},"modified":"2025-06-18T11:57:41","modified_gmt":"2025-06-18T09:57:41","slug":"les-documents","status":"publish","type":"page","link":"https:\/\/judofenouillet.fr\/index.php\/les-documents\/","title":{"rendered":"Les documents"},"content":{"rendered":"\n<figure class=\"wp-block-table\"><table><tbody><tr><td class=\"has-text-align-center\" data-align=\"center\">Pour qui ?<\/td><td>quoi ?<\/td><\/tr><tr><td class=\"has-text-align-center\" data-align=\"center\">Cours d&rsquo;Essai<\/td><td><a href=\"https:\/\/judofenouillet.fr\/wp-content\/uploads\/2022\/07\/SEANCE_DECOUVERTEBL.pdf\" data-type=\"URL\" data-id=\"https:\/\/judofenouillet.fr\/wp-content\/uploads\/2022\/07\/SEANCE_DECOUVERTEBL.pdf\" target=\"_blank\" rel=\"noreferrer noopener\">carte s\u00e9ance d\u00e9couverte<\/a><\/td><\/tr><tr><td class=\"has-text-align-center\" data-align=\"center\">Tous<\/td><td>Formulaire de renseignement Club<br>(<a href=\"https:\/\/forms.office.com\/Pages\/ResponsePage.aspx?id=Dw-K31lW5Eqt27NMgaB-kRuowwlkubRElKw0TJa_FAhUOFE5RFhBWjJISVpRNDhDSFFIWE5QNTZRMS4u\">en ligne<\/a>)<\/td><\/tr><tr><td class=\"has-text-align-center\" data-align=\"center\">Tous<\/td><td><a href=\"https:\/\/judofenouillet.fr\/wp-content\/uploads\/2024\/07\/Fiche-Autorisation-2024-form.pdf\" data-type=\"URL\" data-id=\"https:\/\/judofenouillet.fr\/wp-content\/uploads\/2024\/07\/Fiche-Autorisation-2024-form.pdf\" target=\"_blank\" rel=\"noreferrer noopener\">Autorisations diverses<\/a><\/td><\/tr><tr><td class=\"has-text-align-center\" data-align=\"center\">Tous<\/td><td>saisie de licence   <a rel=\"noreferrer noopener\" style=\"font-weight: inherit;\" href=\"https:\/\/moncompte.ffjudo.com\/prise-licence\" target=\"_blank\">en ligne<\/a> <\/td><\/tr><tr><td class=\"has-text-align-center\" data-align=\"center\">Mineurs<\/td><td> <a rel=\"noreferrer noopener\" href=\"https:\/\/judofenouillet.fr\/wp-content\/uploads\/2024\/07\/QUESTIONNAIRE_SANTE_MINEURS.pdf\" data-type=\"URL\" data-id=\"https:\/\/judofenouillet.fr\/wp-content\/uploads\/2024\/07\/QUESTIONNAIRE_SANTE_MINEURS.pdf\" target=\"_blank\">Questionnaire Mineurs<\/a><span style=\"font-weight: inherit;\">              <\/span>Attestation Mineurs<span style=\"font-weight: inherit;\"> <\/span><br>                                                    <span style=\"font-weight: inherit;\">(incluse dans les autorisations)<\/span><\/td><\/tr><tr><td class=\"has-text-align-center\" data-align=\"center\">Majeurs<\/td><td> <a rel=\"noreferrer noopener\" href=\"https:\/\/judofenouillet.fr\/wp-content\/uploads\/2024\/07\/QUESTIONNAIRE_MEDICAL_MAJEURS.pdf\" data-type=\"URL\" data-id=\"https:\/\/judofenouillet.fr\/wp-content\/uploads\/2024\/07\/QUESTIONNAIRE_MEDICAL_MAJEURS.pdf\" target=\"_blank\">Questionnaire Majeurs<\/a><span style=\"font-weight: inherit;\">              <\/span>Attestation Majeurs<span style=\"font-weight: inherit;\">  <\/span><br>                                                     <span style=\"font-weight: inherit;\"><span style=\"font-weight: inherit;\">(incluse dans les autorisations)<\/span> <\/span><\/td><\/tr><tr><td class=\"has-text-align-center\" data-align=\"center\">Inscription d\u00e9finitive<\/td><td>r\u00e8glement de l&rsquo;adh\u00e9sion <br>(<a rel=\"noreferrer noopener\" href=\"https:\/\/judofenouillet.fr\/index.php\/les-tarifs\/\" data-type=\"page\" data-id=\"43\" target=\"_blank\">voir tarifs et modalit\u00e9s<\/a>)<\/td><\/tr><\/tbody><\/table><\/figure>\n\n\n\n<p><a href=\"https:\/\/judofenouillet.fr\/index.php\/les-horaires\/\" data-type=\"page\" data-id=\"13\" target=\"_blank\" rel=\"noreferrer noopener\">les horaires<\/a><\/p>\n","protected":false},"excerpt":{"rendered":"<p>Pour qui ? quoi ? Cours d&rsquo;Essai carte s\u00e9ance d\u00e9couverte Tous Formulaire de renseignement Club(en ligne) Tous Autorisations diverses Tous saisie de licence en ligne Mineurs Questionnaire Mineurs Attestation Mineurs (incluse dans les autorisations) Majeurs Questionnaire Majeurs Attestation Majeurs (incluse dans les autorisations) Inscription d\u00e9finitive r\u00e8glement de l&rsquo;adh\u00e9sion (voir tarifs et modalit\u00e9s) les horaires<\/p>\n","protected":false},"author":2,"featured_media":0,"parent":0,"menu_order":0,"comment_status":"closed","ping_status":"closed","template":"","meta":{"footnotes":""},"class_list":["post-45","page","type-page","status-publish","hentry"],"jetpack_sharing_enabled":true,"_links":{"self":[{"href":"https:\/\/judofenouillet.fr\/index.php\/wp-json\/wp\/v2\/pages\/45"}],"collection":[{"href":"https:\/\/judofenouillet.fr\/index.php\/wp-json\/wp\/v2\/pages"}],"about":[{"href":"https:\/\/judofenouillet.fr\/index.php\/wp-json\/wp\/v2\/types\/page"}],"author":[{"embeddable":true,"href":"https:\/\/judofenouillet.fr\/index.php\/wp-json\/wp\/v2\/users\/2"}],"replies":[{"embeddable":true,"href":"https:\/\/judofenouillet.fr\/index.php\/wp-json\/wp\/v2\/comments?post=45"}],"version-history":[{"count":24,"href":"https:\/\/judofenouillet.fr\/index.php\/wp-json\/wp\/v2\/pages\/45\/revisions"}],"predecessor-version":[{"id":2331,"href":"https:\/\/judofenouillet.fr\/index.php\/wp-json\/wp\/v2\/pages\/45\/revisions\/2331"}],"wp:attachment":[{"href":"https:\/\/judofenouillet.fr\/index.php\/wp-json\/wp\/v2\/media?parent=45"}],"curies":[{"name":"wp","href":"https:\/\/api.w.org\/{rel}","templated":true}]}}