{"id":498,"date":"2020-03-10T10:28:33","date_gmt":"2020-03-10T09:28:33","guid":{"rendered":"http:\/\/judofenouillet.fr\/?page_id=498"},"modified":"2020-03-12T15:47:06","modified_gmt":"2020-03-12T14:47:06","slug":"resultats-2","status":"publish","type":"page","link":"https:\/\/judofenouillet.fr\/index.php\/resultats-2\/","title":{"rendered":"Comp\u00e9tition"},"content":{"rendered":"\n<p>Dans le cadre de la pratique du judo, la comp\u00e9tition est la plupart du temps individuelle, toutefois y participer avec les \u00ab\u00a0copains\u00a0\u00bb du club, peut permettre de cr\u00e9er un engouement autour de celle-ci.<\/p>\n\n\n\n<p>&nbsp;Attention la pratique du&nbsp;<strong><em>judo en comp\u00e9tition n&rsquo;est pas une obligation<\/em><\/strong>&nbsp;mais elle sera un plus dans le d\u00e9veloppement de chacun.&nbsp;<\/p>\n\n\n\n<p>En effet, se retrouver confront\u00e9 \u00e0 des situations de stress et de concurrence est monnaie courante dans le monde actuel. Et donner des armes \u00e0 nos judokas pour les affronter fait partie de l&rsquo;apprentissage.<\/p>\n\n\n\n<p>&nbsp;<strong>Le but premier n&rsquo;est pas la victoire ! mais bien de donner le meilleur de soi-m\u00eame !<\/strong><\/p>\n\n\n\n<p>&nbsp;Lors des comp\u00e9titions \u00ab\u00a0amicales\u00a0\u00bb les judokas sont r\u00e9compens\u00e9s individuellement par des \u00ab\u00a0m\u00e9dailles\u00a0\u00bb et souvent un classement par club attribue une coupe, l\u00e0 n&rsquo;est pas l\u2019int\u00e9r\u00eat mais cela peut \u00eatre un petit argument de plus pour les ind\u00e9cis.<\/p>\n\n\n\n<p><br><strong>Tout cela doit rester un jeu et aucune pression n&rsquo;est mise sur la pratique en comp\u00e9tition<\/strong>.<\/p>\n\n\n\n<p>&nbsp;Pour les plus grand cela permettra de se tester, de se jauger, de chercher une progression. Cela conditionnera l\u2019acc\u00e8s \u00e0 la ceinture noire, autant s&rsquo;y pr\u00e9parer avant !<\/p>\n\n\n\n<hr class=\"wp-block-separator\"\/>\n\n\n\n<p>Ludo<\/p>\n","protected":false},"excerpt":{"rendered":"<p>Dans le cadre de la pratique du judo, la comp\u00e9tition est la plupart du temps individuelle, toutefois y participer avec les \u00ab\u00a0copains\u00a0\u00bb du club, peut permettre de cr\u00e9er un engouement autour de celle-ci. &nbsp;Attention la pratique du&nbsp;judo en comp\u00e9tition n&rsquo;est pas une obligation&nbsp;mais elle sera un plus dans le d\u00e9veloppement de chacun.&nbsp; En effet, se &hellip; <a href=\"https:\/\/judofenouillet.fr\/index.php\/resultats-2\/\" class=\"more-link\">Continue reading <span class=\"screen-reader-text\">Comp\u00e9tition<\/span><\/a><\/p>\n","protected":false},"author":2,"featured_media":0,"parent":0,"menu_order":0,"comment_status":"closed","ping_status":"closed","template":"","meta":{"footnotes":""},"class_list":["post-498","page","type-page","status-publish","hentry"],"jetpack_sharing_enabled":true,"_links":{"self":[{"href":"https:\/\/judofenouillet.fr\/index.php\/wp-json\/wp\/v2\/pages\/498"}],"collection":[{"href":"https:\/\/judofenouillet.fr\/index.php\/wp-json\/wp\/v2\/pages"}],"about":[{"href":"https:\/\/judofenouillet.fr\/index.php\/wp-json\/wp\/v2\/types\/page"}],"author":[{"embeddable":true,"href":"https:\/\/judofenouillet.fr\/index.php\/wp-json\/wp\/v2\/users\/2"}],"replies":[{"embeddable":true,"href":"https:\/\/judofenouillet.fr\/index.php\/wp-json\/wp\/v2\/comments?post=498"}],"version-history":[{"count":3,"href":"https:\/\/judofenouillet.fr\/index.php\/wp-json\/wp\/v2\/pages\/498\/revisions"}],"predecessor-version":[{"id":910,"href":"https:\/\/judofenouillet.fr\/index.php\/wp-json\/wp\/v2\/pages\/498\/revisions\/910"}],"wp:attachment":[{"href":"https:\/\/judofenouillet.fr\/index.php\/wp-json\/wp\/v2\/media?parent=498"}],"curies":[{"name":"wp","href":"https:\/\/api.w.org\/{rel}","templated":true}]}}