{"id":77,"date":"2020-03-09T12:18:41","date_gmt":"2020-03-09T11:18:41","guid":{"rendered":"http:\/\/judofenouillet.fr\/?page_id=77"},"modified":"2024-07-25T10:21:06","modified_gmt":"2024-07-25T08:21:06","slug":"le-club","status":"publish","type":"page","link":"https:\/\/judofenouillet.fr\/index.php\/le-club\/","title":{"rendered":"Le Club"},"content":{"rendered":"\n<p>Cr\u00e9e en 1970, le Judo Club Fenouillet a f\u00eat\u00e9 ses cinquante ans en 2020!<br>Install\u00e9 au Gymnase du coll\u00e8ge depuis 1996, le club compte actuellement 96 licenci\u00e9s, allant de 4 ans \u00e0 &#8230;<br><\/p>\n\n\n\n<p>Le Club occupe le dojo les lundi de 17h45 a 19h30, les mercredis de 16h \u00e0 20h45 et vendredis de 17h30 \u00e0 21h30 durant les p\u00e9riodes scolaires.<br> Les cours sont compos\u00e9es de la mani\u00e8re suivante :<\/p>\n\n\n\n<ul class=\"wp-block-list\"><li>\u00c9VEILS JUDO, pour les enfants de 4 \u00e0 5 ans, bas\u00e9 sur des jeux, \u00e9veil \u00e0 la motricit\u00e9, la d\u00e9couverte de l\u2019environnement judo, le travail en coop\u00e9ration, la prise de contact avec l\u2019AUTRE.<br><\/li><li>JUDO 1, pour les enfants de 6\/7 ans, (mini poussins), initiation au judo.<br> <\/li><li>JUDO 2, pour les enfants de 8 \u00e0 11 ans, perfectionnement global des judokas, d\u00e9couverte de comp\u00e9tition. <br><\/li><li>JUDO 3, pour les 12 ans et plus, judo loisir vers la comp\u00e9tition.<br><\/li><li>TA\u00cfSO, litt\u00e9ralement l&rsquo;\u00e9chauffement du judo. Accessible \u00e0 tous il permet une remise en forme ludique et s\u00e9curis\u00e9 ( sans chutes ni projections).<br><\/li><li>JJB (Jiu Jitsu Br\u00e9silien), d\u00e9riv\u00e9 Br\u00e9silien du judo au sol, convient \u00e0 tous, id\u00e9al pour se d\u00e9fouler au sol et compl\u00e9ter son judo. Ax\u00e9 sur la mobilit\u00e9, ce type de combat cherche les positions favorables au gain du combat et premet d&rsquo;acceder au soumissions de l&rsquo;adversaire.<\/li><\/ul>\n\n\n\n<p>Chaque ann\u00e9e en plus des cours, le club r\u00e9alise des journ\u00e9es de stage durant les vacances scolaires et sur un week-end en fin d&rsquo;ann\u00e9e.<\/p>\n\n\n\n<p>De plus, le club participe aux comp\u00e9titions amicales et officielles.<\/p>\n\n\n\n<p>Depuis la saison 2018\/2019 le club a remis en place sa propre comp\u00e9tition.<\/p>\n\n\n\n<p>La saison sera cl\u00f4tur\u00e9e par la remise de ceinture.<\/p>\n","protected":false},"excerpt":{"rendered":"<p>Cr\u00e9e en 1970, le Judo Club Fenouillet a f\u00eat\u00e9 ses cinquante ans en 2020!Install\u00e9 au Gymnase du coll\u00e8ge depuis 1996, le club compte actuellement 96 licenci\u00e9s, allant de 4 ans \u00e0 &#8230; Le Club occupe le dojo les lundi de 17h45 a 19h30, les mercredis de 16h \u00e0 20h45 et vendredis de 17h30 \u00e0 21h30 &hellip; <a href=\"https:\/\/judofenouillet.fr\/index.php\/le-club\/\" class=\"more-link\">Continue reading <span class=\"screen-reader-text\">Le Club<\/span><\/a><\/p>\n","protected":false},"author":2,"featured_media":0,"parent":0,"menu_order":0,"comment_status":"closed","ping_status":"closed","template":"","meta":{"footnotes":""},"class_list":["post-77","page","type-page","status-publish","hentry"],"jetpack_sharing_enabled":true,"_links":{"self":[{"href":"https:\/\/judofenouillet.fr\/index.php\/wp-json\/wp\/v2\/pages\/77"}],"collection":[{"href":"https:\/\/judofenouillet.fr\/index.php\/wp-json\/wp\/v2\/pages"}],"about":[{"href":"https:\/\/judofenouillet.fr\/index.php\/wp-json\/wp\/v2\/types\/page"}],"author":[{"embeddable":true,"href":"https:\/\/judofenouillet.fr\/index.php\/wp-json\/wp\/v2\/users\/2"}],"replies":[{"embeddable":true,"href":"https:\/\/judofenouillet.fr\/index.php\/wp-json\/wp\/v2\/comments?post=77"}],"version-history":[{"count":6,"href":"https:\/\/judofenouillet.fr\/index.php\/wp-json\/wp\/v2\/pages\/77\/revisions"}],"predecessor-version":[{"id":2251,"href":"https:\/\/judofenouillet.fr\/index.php\/wp-json\/wp\/v2\/pages\/77\/revisions\/2251"}],"wp:attachment":[{"href":"https:\/\/judofenouillet.fr\/index.php\/wp-json\/wp\/v2\/media?parent=77"}],"curies":[{"name":"wp","href":"https:\/\/api.w.org\/{rel}","templated":true}]}}