{"id":86,"date":"2020-03-09T12:28:18","date_gmt":"2020-03-09T11:28:18","guid":{"rendered":"http:\/\/judofenouillet.fr\/?page_id=86"},"modified":"2024-08-29T17:31:07","modified_gmt":"2024-08-29T15:31:07","slug":"contact","status":"publish","type":"page","link":"https:\/\/judofenouillet.fr\/index.php\/contact\/","title":{"rendered":"Contact"},"content":{"rendered":"\n<h3 class=\"wp-block-heading\">JUDO CLUB FENOUILLET<\/h3>\n\n\n\n<figure class=\"wp-block-image size-large\"><img loading=\"lazy\" decoding=\"async\" width=\"745\" height=\"1118\" src=\"https:\/\/judofenouillet.fr\/wp-content\/uploads\/2024\/08\/IMG-20240829-WA0020-1-edited.jpg\" alt=\"\" class=\"wp-image-2260\" srcset=\"https:\/\/judofenouillet.fr\/wp-content\/uploads\/2024\/08\/IMG-20240829-WA0020-1-edited.jpg 745w, https:\/\/judofenouillet.fr\/wp-content\/uploads\/2024\/08\/IMG-20240829-WA0020-1-edited-200x300.jpg 200w, https:\/\/judofenouillet.fr\/wp-content\/uploads\/2024\/08\/IMG-20240829-WA0020-1-edited-682x1024.jpg 682w\" sizes=\"(max-width: 745px) 100vw, 745px\" \/><\/figure>\n\n\n\n<h4 class=\"wp-block-heading\">Adresse Dojo<\/h4>\n\n\n\n<p>RUE Andr\u00e9 BROQUERE<br>31150&nbsp;FENOUILLET<\/p>\n\n\n\n<figure class=\"wp-block-image size-large\"><img loading=\"lazy\" decoding=\"async\" width=\"702\" height=\"1248\" src=\"https:\/\/judofenouillet.fr\/wp-content\/uploads\/2024\/07\/shared_qr_code_Whatsapp-edited.png\" alt=\"\" class=\"wp-image-2242\" srcset=\"https:\/\/judofenouillet.fr\/wp-content\/uploads\/2024\/07\/shared_qr_code_Whatsapp-edited.png 702w, https:\/\/judofenouillet.fr\/wp-content\/uploads\/2024\/07\/shared_qr_code_Whatsapp-edited-169x300.png 169w, https:\/\/judofenouillet.fr\/wp-content\/uploads\/2024\/07\/shared_qr_code_Whatsapp-edited-576x1024.png 576w\" sizes=\"(max-width: 702px) 100vw, 702px\" \/><\/figure>\n\n\n\n<h4 class=\"wp-block-heading\">T\u00e9l\u00e9phone<\/h4>\n\n\n\n<p>06.26.87.06.11<\/p>\n\n\n\n<p><a href=\"mailto:judofenouillet@gmail.com subject=mailsdepuis le site\">judofenouillet@gmail.com<\/a> <\/p>\n\n\n\n<h4 class=\"wp-block-heading\">Adresse postale : <\/h4>\n\n\n\n<p>Salle des Associations, Bo\u00eete n\u00b04, Place Flandres Dunkerque 1940, 31150 FENOUILLET<br><\/p>\n","protected":false},"excerpt":{"rendered":"<p>JUDO CLUB FENOUILLET Adresse Dojo RUE Andr\u00e9 BROQUERE31150&nbsp;FENOUILLET T\u00e9l\u00e9phone 06.26.87.06.11 judofenouillet@gmail.com Adresse postale : Salle des Associations, Bo\u00eete n\u00b04, Place Flandres Dunkerque 1940, 31150 FENOUILLET<\/p>\n","protected":false},"author":2,"featured_media":0,"parent":0,"menu_order":0,"comment_status":"closed","ping_status":"closed","template":"","meta":{"footnotes":""},"class_list":["post-86","page","type-page","status-publish","hentry"],"jetpack_sharing_enabled":true,"_links":{"self":[{"href":"https:\/\/judofenouillet.fr\/index.php\/wp-json\/wp\/v2\/pages\/86"}],"collection":[{"href":"https:\/\/judofenouillet.fr\/index.php\/wp-json\/wp\/v2\/pages"}],"about":[{"href":"https:\/\/judofenouillet.fr\/index.php\/wp-json\/wp\/v2\/types\/page"}],"author":[{"embeddable":true,"href":"https:\/\/judofenouillet.fr\/index.php\/wp-json\/wp\/v2\/users\/2"}],"replies":[{"embeddable":true,"href":"https:\/\/judofenouillet.fr\/index.php\/wp-json\/wp\/v2\/comments?post=86"}],"version-history":[{"count":6,"href":"https:\/\/judofenouillet.fr\/index.php\/wp-json\/wp\/v2\/pages\/86\/revisions"}],"predecessor-version":[{"id":2261,"href":"https:\/\/judofenouillet.fr\/index.php\/wp-json\/wp\/v2\/pages\/86\/revisions\/2261"}],"wp:attachment":[{"href":"https:\/\/judofenouillet.fr\/index.php\/wp-json\/wp\/v2\/media?parent=86"}],"curies":[{"name":"wp","href":"https:\/\/api.w.org\/{rel}","templated":true}]}}