{"id":943,"date":"2020-03-19T11:00:57","date_gmt":"2020-03-19T10:00:57","guid":{"rendered":"http:\/\/judofenouillet.fr\/?page_id=943"},"modified":"2020-03-19T14:18:20","modified_gmt":"2020-03-19T13:18:20","slug":"seiryoku-zen-yo","status":"publish","type":"page","link":"https:\/\/judofenouillet.fr\/index.php\/culture-judo\/seiryoku-zen-yo\/","title":{"rendered":"SEIRYOKU ZEN YO \u7cbe\u529b\u6700\u6d3b\u7528"},"content":{"rendered":"\n<p>\n\nPour un Japonais,&nbsp;<strong>Seiryoku saizen katsuy\u00f4<\/strong>&nbsp;(formule originelle que l&rsquo;on trouve souvent modifi\u00e9e en&nbsp;<strong>Seiryoku zen y\u00f4<\/strong>) est avant tout une expression compacte et assez herm\u00e9tique. Les caract\u00e8res sont simplement juxtapos\u00e9s et c&rsquo;est dans le courant de la lecture que ce forme le sens, \u00e0 la mani\u00e8re chinoise. L&rsquo;effet de la calligraphie est d&rsquo;abord un impact esth\u00e9tique, au m\u00eame titre qu&rsquo;un tableau, avant de faire r\u00e9f\u00e9rence \u00e0 un h\u00e9ritage culturel. Le sens vient ensuite, charg\u00e9 du contenu \u00e9motionnel propre \u00e0 ce mode d&rsquo;expression, volontairement choisi par Jigoro Kano pour donner plus de force \u00e0 son message.<\/p>\n\n\n\n<p><strong>SEIRYOKU :<\/strong>&nbsp;force motrice du corps et de l&rsquo;esprit, l&rsquo;\u00e9nergie vitale.<br><strong>SAIZEN :<\/strong>&nbsp;ce qu&rsquo;il y a de mieux (dans l&rsquo;acception juste, bien), ce qu&rsquo;il y a de plus adapt\u00e9, ce que l&rsquo;on peut faire ou obtenir dans la limite du possible ou de nos capacit\u00e9s.<br><strong>KATSUYO :<\/strong>&nbsp;utiliser dans un but pratique, utiliser de fa\u00e7on \u00e0 obtenir un r\u00e9sultat, litt\u00e9ralement mettre ou garder en mouvement (donner vie) et utiliser. De l\u00e0, on proposera une traduction que chacun est libre de nuancer\u2026<br>&lt;&#8211;&nbsp;<strong>SEIRYOKU SAIZEN KATSUYO&nbsp;<\/strong>: la meilleure exploitation de l&rsquo;\u00e9nergie<br><strong>&nbsp;SEIRYOKU ZENYO<\/strong>&nbsp;: utilisation habile et bonne de l&rsquo;\u00e9nergie. &#8212;&#8212;&#8212;&#8212;&#8212;&#8212;&#8212;&#8212;&#8212;&#8212;&#8212;&#8212;&#8212;&#8212;&#8212;&#8211;&gt;&nbsp;<em>Yves Cadot, Judo Magazine 180, oct. 1999.<\/em><\/p>\n","protected":false},"excerpt":{"rendered":"<p>Pour un Japonais,&nbsp;Seiryoku saizen katsuy\u00f4&nbsp;(formule originelle que l&rsquo;on trouve souvent modifi\u00e9e en&nbsp;Seiryoku zen y\u00f4) est avant tout une expression compacte et assez herm\u00e9tique. Les caract\u00e8res sont simplement juxtapos\u00e9s et c&rsquo;est dans le courant de la lecture que ce forme le sens, \u00e0 la mani\u00e8re chinoise. L&rsquo;effet de la calligraphie est d&rsquo;abord un impact esth\u00e9tique, au &hellip; <a href=\"https:\/\/judofenouillet.fr\/index.php\/culture-judo\/seiryoku-zen-yo\/\" class=\"more-link\">Continue reading <span class=\"screen-reader-text\">SEIRYOKU ZEN YO \u7cbe\u529b\u6700\u6d3b\u7528<\/span><\/a><\/p>\n","protected":false},"author":2,"featured_media":0,"parent":938,"menu_order":2,"comment_status":"closed","ping_status":"closed","template":"","meta":{"footnotes":""},"class_list":["post-943","page","type-page","status-publish","hentry"],"jetpack_sharing_enabled":true,"_links":{"self":[{"href":"https:\/\/judofenouillet.fr\/index.php\/wp-json\/wp\/v2\/pages\/943"}],"collection":[{"href":"https:\/\/judofenouillet.fr\/index.php\/wp-json\/wp\/v2\/pages"}],"about":[{"href":"https:\/\/judofenouillet.fr\/index.php\/wp-json\/wp\/v2\/types\/page"}],"author":[{"embeddable":true,"href":"https:\/\/judofenouillet.fr\/index.php\/wp-json\/wp\/v2\/users\/2"}],"replies":[{"embeddable":true,"href":"https:\/\/judofenouillet.fr\/index.php\/wp-json\/wp\/v2\/comments?post=943"}],"version-history":[{"count":1,"href":"https:\/\/judofenouillet.fr\/index.php\/wp-json\/wp\/v2\/pages\/943\/revisions"}],"predecessor-version":[{"id":944,"href":"https:\/\/judofenouillet.fr\/index.php\/wp-json\/wp\/v2\/pages\/943\/revisions\/944"}],"up":[{"embeddable":true,"href":"https:\/\/judofenouillet.fr\/index.php\/wp-json\/wp\/v2\/pages\/938"}],"wp:attachment":[{"href":"https:\/\/judofenouillet.fr\/index.php\/wp-json\/wp\/v2\/media?parent=943"}],"curies":[{"name":"wp","href":"https:\/\/api.w.org\/{rel}","templated":true}]}}