{"id":963,"date":"2020-03-20T17:22:53","date_gmt":"2020-03-20T16:22:53","guid":{"rendered":"http:\/\/judofenouillet.fr\/?page_id=963"},"modified":"2020-03-20T23:05:53","modified_gmt":"2020-03-20T22:05:53","slug":"code-moral-du-judo","status":"publish","type":"page","link":"https:\/\/judofenouillet.fr\/index.php\/code-moral-du-judo\/","title":{"rendered":"CODE MORAL DU JUDO"},"content":{"rendered":"\n<h3 class=\"wp-block-heading\"> La Politesse <\/h3>\n\n\n\n<p><em>C&rsquo;est le respect d&rsquo;autrui<\/em><\/p>\n\n\n\n<h3 class=\"wp-block-heading\">Le Courage<\/h3>\n\n\n\n<p><em>C&rsquo;est faire ce qui est juste<\/em><\/p>\n\n\n\n<h3 class=\"wp-block-heading\"> La Sinc\u00e9rit\u00e9 <\/h3>\n\n\n\n<p><em>C&rsquo;est s&rsquo;exprimer sans d\u00e9guiser sa pens\u00e9e<\/em><\/p>\n\n\n\n<h3 class=\"wp-block-heading\"> L&rsquo;Honneur <\/h3>\n\n\n\n<p><em>C&rsquo;est \u00eatre fid\u00e8le \u00e0 la parole donn\u00e9e<\/em><\/p>\n\n\n\n<h3 class=\"wp-block-heading\"> La Modestie <\/h3>\n\n\n\n<p><em>C&rsquo;est parler de soi-m\u00eame sans orgueil<\/em><\/p>\n\n\n\n<h3 class=\"wp-block-heading\"> Le Respect <\/h3>\n\n\n\n<p><em>Sans respect aucune confiance ne peut na\u00eetre<\/em><\/p>\n\n\n\n<h3 class=\"wp-block-heading\"> Le Contr\u00f4le de Soi <\/h3>\n\n\n\n<p><em>C&rsquo;est savoir se taire quand monte la col\u00e8re<\/em><\/p>\n\n\n\n<h3 class=\"wp-block-heading\"> L&rsquo;Amiti\u00e9 <\/h3>\n\n\n\n<p><em>C&rsquo;est le plus pur des sentiments humains<\/em><\/p>\n","protected":false},"excerpt":{"rendered":"<p>La Politesse C&rsquo;est le respect d&rsquo;autrui Le Courage C&rsquo;est faire ce qui est juste La Sinc\u00e9rit\u00e9 C&rsquo;est s&rsquo;exprimer sans d\u00e9guiser sa pens\u00e9e L&rsquo;Honneur C&rsquo;est \u00eatre fid\u00e8le \u00e0 la parole donn\u00e9e La Modestie C&rsquo;est parler de soi-m\u00eame sans orgueil Le Respect Sans respect aucune confiance ne peut na\u00eetre Le Contr\u00f4le de Soi C&rsquo;est savoir se taire &hellip; <a href=\"https:\/\/judofenouillet.fr\/index.php\/code-moral-du-judo\/\" class=\"more-link\">Continue reading <span class=\"screen-reader-text\">CODE MORAL DU JUDO<\/span><\/a><\/p>\n","protected":false},"author":2,"featured_media":0,"parent":0,"menu_order":0,"comment_status":"closed","ping_status":"closed","template":"","meta":{"footnotes":""},"class_list":["post-963","page","type-page","status-publish","hentry"],"jetpack_sharing_enabled":true,"_links":{"self":[{"href":"https:\/\/judofenouillet.fr\/index.php\/wp-json\/wp\/v2\/pages\/963"}],"collection":[{"href":"https:\/\/judofenouillet.fr\/index.php\/wp-json\/wp\/v2\/pages"}],"about":[{"href":"https:\/\/judofenouillet.fr\/index.php\/wp-json\/wp\/v2\/types\/page"}],"author":[{"embeddable":true,"href":"https:\/\/judofenouillet.fr\/index.php\/wp-json\/wp\/v2\/users\/2"}],"replies":[{"embeddable":true,"href":"https:\/\/judofenouillet.fr\/index.php\/wp-json\/wp\/v2\/comments?post=963"}],"version-history":[{"count":1,"href":"https:\/\/judofenouillet.fr\/index.php\/wp-json\/wp\/v2\/pages\/963\/revisions"}],"predecessor-version":[{"id":965,"href":"https:\/\/judofenouillet.fr\/index.php\/wp-json\/wp\/v2\/pages\/963\/revisions\/965"}],"wp:attachment":[{"href":"https:\/\/judofenouillet.fr\/index.php\/wp-json\/wp\/v2\/media?parent=963"}],"curies":[{"name":"wp","href":"https:\/\/api.w.org\/{rel}","templated":true}]}}