{"id":978,"date":"2020-03-20T23:08:19","date_gmt":"2020-03-20T22:08:19","guid":{"rendered":"http:\/\/judofenouillet.fr\/?page_id=978"},"modified":"2020-03-22T12:19:51","modified_gmt":"2020-03-22T11:19:51","slug":"petit-lexique-des-techniques-de-projection-judo-ju-jitsu","status":"publish","type":"page","link":"https:\/\/judofenouillet.fr\/index.php\/petit-lexique-des-techniques-de-projection-judo-ju-jitsu\/","title":{"rendered":"Petit lexique des techniques de  Judo Ju-Jitsu"},"content":{"rendered":"\n<figure class=\"wp-block-table\"><table class=\"\"><tbody><tr><td><a href=\"#koshiwaza\">KOSHI-WAZA<\/a>&nbsp;(techniques de hanche)<br><a href=\"#tewaza\">TE-WAZA<\/a>&nbsp;(techniques de mains)<br><a href=\"#ashiwaza\">ASHI-WAZA<\/a>&nbsp;(techniques de jambes)<br><a href=\"#sutemiwaza\">SUTEMI-WAZA<\/a>&nbsp;(techniques de sacrifice)<\/td><\/tr><tr><td><strong>TACHI-WAZA<\/strong><\/td><\/tr><tr><td><strong>KOSHI-WAZA&nbsp;<\/strong>(techniques de hanche)<\/td><\/tr><tr><td>Hane-Goshi hanche percut\u00e9e<br>Harai-Goshi hanche fauch\u00e9e<br>Koshi-Guruma enroulemt sur la hanche<br>O-Goshi gde bascule de hanche<br>Tsuri-Komi-Goshi hanche p\u00each\u00e9e<br>Uki-Goshi hanche flott\u00e9e<br>Ushiro-Goshi contre de hanche arri\u00e8re<br>Utsuri-Goshi contre de hanche avant<br>Kubi-Nage proj. par le cou avec barrage<\/td><\/tr><tr><td><strong>TE-WAZA<\/strong>&nbsp;(techniques de mains)<\/td><\/tr><tr><td>Ippon-Seoi-Nage project\u00b0 par l&rsquo;\u00e9paule<br>Kata-Guruma enroulemt sur les \u00e9paules<br>Kuchiki-Daoshi \u00ab\u00a0abattre l&rsquo;arbre mort\u00a0\u00bb,renverst arr. avec mains<br>Morote-Gari fauchage 2 jambes par mains<br>Morote-Seoi-Nage projection d&rsquo;\u00e9paule \u00e0 2 mains<br>Tai-Otoshi renversement du corps (barrage)<br>Te-Guruma Enroulement par les mains<br>Sukui-Nage projection en \u00ab\u00a0cuill\u00e8re\u00a0\u00bb<br>Uki-Otoshi renversement \u00ab\u00a0flottant\u00a0\u00bb<\/td><\/tr><tr><td><strong>ASHI-WAZA<\/strong>&nbsp;(techniques de jambes)<\/td><\/tr><tr><td>Ashi-Guruma enroulement autour jambe<br>De-Ashi-Barai balayage du pied avanc\u00e9<br>Harai-Tsuri-Komi-Ashi balaya. du pied en p\u00eachant<br>Hiza-Guruma enroulemt autour du genou renversemt arri\u00e8re (barrage)<br>Ko-Soto-Gake pt accrochage ext\u00e9r.<br>Ko-Soto-Gari pt fauchage ext\u00e9rieur<br>Ko-Uchi-Gari pt fauchage int\u00e9rieur en forme Maki-Komi<br>O-Guruma gd enroulement<br>Okuri-Ashi-Barai balayage des 2 pieds<br>O-Soto-Gari gd fauchage ext\u00e9rieur<br>O-Soto-Otoshi gd renversement ext\u00e9r.<br>O-Uchi-Gari gd fauchage int\u00e9rieur<br>Sasae-Tsuri-Komi-Ashi blocage du pied en p\u00eachant<br>Uchi-Mata fauchage int\u00e9rieur<\/td><\/tr><tr><td><strong>SUTEMI-WAZA<\/strong>&nbsp;(techniques de sacrifice)<\/td><\/tr><tr><td>Soto-Maki-Komi enroulement ext\u00e9rieur<br>Sumi-Gaeshi renversemt dans l&rsquo;angle<br>Tani-Otoshi \u00ab\u00a0chute dans la vall\u00e9e\u00a0\u00bb<br>Tomoe-Nage projection en cercle<br>Uchi-Maki-Komi Ko-Uchi ou O-Uchi-Gari<br>Uki-Waza project. lat\u00e9rale avant<br>Ura-Nage projection en arri\u00e8re<br>Yoko-Gake accrochage de c\u00f4t\u00e9<br>Yoko-Guruma enroulemt lat\u00e9ral<br>Yoko-Otoshi renversement lat\u00e9ral<br>Yoko-Tomoe-Nage project\u00b0 en cercle lat\u00e9rale<br>Yoko-Wakare project\u00b0 vers l&rsquo;avant<br>Waki-Otoshi renverset arr. par l&rsquo;aisselle<br>Kani-Basami renverset par ciseaux (interdite en judo)<br>Tawara-Gaeshi technique de contre, utilis\u00e9e face \u00e0 Morote Gari<\/td><\/tr><tr><td><strong>Petit lexique des techniques de contr\u00f4le au sol en Judo Ju-Jitsu<\/strong><\/td><\/tr><tr><td><strong>NE WAZA<\/strong><\/td><\/tr><tr><td><strong>OSAE KOMI WAZA<\/strong>&nbsp;(immobilisations)<\/td><\/tr><tr><td>Hon-Gesa-Gatame Contr\u00f4le par le travers du corps (lat\u00e9rocostal)<br>Ushiro-Gesa-Gatame Contr\u00f4le arri\u00e8re par le travers du corps<br>Makura-Gesa-Gatame Contr\u00f4le par le travers, en oreiller<br>Kata-Gatame Contr\u00f4le par l&rsquo;\u00e9paule et la t\u00eate<br>Yoko-Shiho-Gatame Contr\u00f4le lat\u00e9ral par les 4 points<br>Kami-Shiho-Gatame Contr\u00f4le arri\u00e8re par les 4 points<br>Tate-Shiho-Gatame Contr\u00f4le \u00e0 cheval par les 4 points<br>Kuzure-Gesa-Gatame Variantes de Hon-Gesa-<br>Kuzure-Yoko-Shiho-G. variantes de &#8230;<br>Kuzure-Kami-Shiho-G. variantes de &#8230;<br>Kuzure-Tate-Shiho-G. variantes de &#8230;<br>Kuzure-Makura-Gesa-G. variantes de &#8230;<\/td><\/tr><tr><td><strong>SHIME WAZA<\/strong>&nbsp;(\u00e9tranglements)<\/td><\/tr><tr><td>Ashi-Gatame-Jime &#8211; Etranglement avec l&rsquo;aide d&rsquo;une jambe<br>Gyaku-Juji-Jime &#8211; Etranglement facial crois\u00e9 (mains en supination)<br>Nami-Juji-Jime &#8211; Etranglement facial crois\u00e9 (mains en pronation)<br>Kata-Juji-Jime &#8211; Etranglement facial crois\u00e9 (prise mixte)<br>Hadaka-Jime &#8211; Etranglement arri\u00e8re par l&rsquo;avant-bras<br>Kata-Ha-Jime &#8211; Etranglement arr. (une main au revers, une \u00e0 la nuque)<br>Ryo-Te-Jime &#8211; Etranglement facial Non crois\u00e9<br>Okuri-Eri-Jime &#8211; Etranglement arri\u00e8re par prise des deux revers<br>Sankaku-Jime &#8211; Etranglement (cou et un bras) par les 2 jambes<br>Sode-Guruma-Jime &#8211; Etranglemt arri\u00e8re par enroulemt du revers<br>Katate-Jime &#8211; Etranglem.d&rsquo;1 seule main<br>Tsukkomi-Jime &#8211; Etranglement facial avec les deux revers<\/td><\/tr><tr><td><strong>KANSETSU WAZA<\/strong>&nbsp;(cl\u00e9s) Entr\u00e9es<\/td><\/tr><tr><td>Hiza-Gatame &#8211; Cl\u00e9 au coude avec le genou &#8211; Tori sur le dos,Uke entre ses jambes<br>Ashi-Garami &#8211; Hyperextension ou torsion du coudepar enroulement de la jambe autourdu bras<br>&#8211; Uke sur le dos,Tori entre ses jambes<br>Hara-Gatame &#8211; Cl\u00e9 au coude avec le ventre &#8211; Uke \u00e0 quatre pattes,Tori en face<br>Juji-Gatame &#8211; Contr\u00f4le en croix<br>&#8211; Uke \u00e0 quatre pattes,Tori \u00e0 cheval<br>Mune-Gatame &#8211; Cl\u00e9 au coude avec le buste<br>Ude-Garami &#8211; Hyperextension ou torsion du coude par enroulement d&rsquo;un bras autour du bras d&rsquo;Uke<br>Ude-Gatame &#8211; Cl\u00e9 au coude avec les bras<br>Waki-Gatame &#8211; Cl\u00e9 au coude avec l&rsquo;aisselle<br>NB: un certain nombre de Kansetsu Waza et de Shime Waza peuvent aussi se pratiquer debout.<\/td><\/tr><tr><td><strong>Petit lexique des techniques de saisie et pouss\u00e9e<\/strong><br><\/td><\/tr><tr><td>Katate-dori saisie du poignet de face<br>Gyaku-katate-dori saisie du poignet oppos\u00e9<br>Ryote-dori saisie des deux poignets<br>Katate-ryote-dori saisie d&rsquo;un poignet \u00e0 deux mains<br>Mune-dori (Eri-dori) saisie du revers<br>Gyaku-eri-dori saisie crois\u00e9e du revers<br>Ryo-eri-dori saisie des deux revers<br>Kata-dori saisie de l&rsquo;\u00e9paule<br>Ryo-kata-dori saisie des deux \u00e9paules<br>Igi-dori saisie du coude<br>Ryo-igi-dori saisie des deux coudes<br>Sode-dori saisie de la manche<br>Ryo-sode-dori saisie des deux manches<br>Obi-dori saisie de la ceinture<br>Ushiro-ryote-dori saisie des deux poignets par derri\u00e8re<br>Ushiro-katate-dori saisie du poignet par derri\u00e8re<br>Ushiro-katate-ryote-dori saisie d&rsquo;un poignet \u00e0 deux mains par derri\u00e8re<br>Ushiro-eri-dori saisie du col par derri\u00e8re<br>Ushiro-kata-dori saisie de l&rsquo;\u00e9paule par derri\u00e8re<br>Ushiro-ryo-kata-dori saisie des deux \u00e9paules par derri\u00e8re<br>Ushiro-igi-dori saisie du coude par derri\u00e8re<br>Ushiro-ryo-igi-dori saisie des deux coudes par derri\u00e8re<br>Ushiro-sode-dori saisie de la manche par derri\u00e8re<br>Ushiro-ryo-sode-dori saisie des deux manches par derri\u00e8re<br>Ushiro-obi-dori saisie de la ceinture par derri\u00e8re<\/td><\/tr><tr><td>Mune-oshi pouss\u00e9e \u00e0 la poitrine<br>Kata-oshi pouss\u00e9e \u00e0 l&rsquo;\u00e9paule<br>Ryo-kata-oshi pouss\u00e9e des deux \u00e9paules<br>Ushiro-ryo-kata-oshi pouss\u00e9e des deux \u00e9paules par derri\u00e8re<\/td><\/tr><tr><td><strong>Petit lexique des techniques de projection Ju-Jitsu<\/strong><\/td><\/tr><tr><td>&#8211; Shio-nage &#8211; Projection \u00ab\u00a0des quatre c\u00f4t\u00e9s\u00a0\u00bb, par torsion du poignet et du coude, en passant sous le bras de Uke.<br>&#8211; Irimi-nage &#8211; Projection \u00ab\u00a0en entrant\u00a0\u00bb. C&rsquo;est une projection sur l&rsquo;arri\u00e8re en repoussant le cou de Uke d&rsquo;une main,<br>et en bloquant \u00e9ventuellement le bas de son dos de l&rsquo;autre.<br>&#8211; Kote-gaeshi &#8211; Torsion du poignet vers l&rsquo;ext\u00e9rieur, permettant la projection vers l&rsquo;arri\u00e8re, le c\u00f4t\u00e9, ou l&rsquo;avant.<br>&#8211; Ka\u00eften-nage &#8211; Projection \u00ab\u00a0rotatoire\u00a0\u00bb.<br>&#8211; Tenchi-nage &#8211; Projection \u00ab\u00a0ciel-terre\u00a0\u00bb.<br>&#8211; Kokyu-nage &#8211; projection dos \u00e0 dos, par l&rsquo;\u00e9paule (ex \u00e0 droite: bras droit de Tori sous l&rsquo;aisselle gauche de Uke.<br>&#8211; Koshi-nage &#8211; Projection de hanche.<br>&#8211; Ude-kime-nage &#8211; Projection par hyperextension du coude<\/td><\/tr><tr><td><strong>Petit lexique des techniques de projection Ju-Jitsu avec les jambes<\/strong><\/td><\/tr><tr><td>&#8211; Kani-Basani &#8211; Projection vers l&rsquo;avant ou l&rsquo;arri\u00e8re par ciseaux au niveau des jambes, du tronc, voire du cou (ciseaux saut\u00e9s)<br>&#8211; Ko-Uchi-Barai &#8211; Projection en balayage par Atemi type Mawashi-Geri Gedan \u00e0 la face interne de la jambe avanc\u00e9e<br>&#8211; Ushiro-Ura-Mawashi-Barai &#8211; Projection par application de Ushiro-Mawashi-Geri sur la jambe avanc\u00e9e<br>&#8211; O-Mawashi-Barai &#8211; Projection par application de O-Mawashi-Geri sur la jambe avanc\u00e9e<br>&#8211; Ura-Mawashi-Barai &#8211; Projection par application de Ura-Mawashi-Geri sur la jambe avanc\u00e9e<br>Petit lexique des techniques de cl\u00e9s de Ju-Jitsu<\/td><\/tr><tr><td>KANSETSU-WAZA&nbsp;(cl\u00e9s aux bras)<\/td><\/tr><tr><td>&#8211; Ude-osae &#8211; Uke au sol sur le ventre, Tori remonte le bras de Uke vers la t\u00eate de celui-ci<br>(axe du bras \u00e0 environ 45\u00b0 de l&rsquo;axe du corps) en le tirant pour l&rsquo;\u00e9tirer au maximum (Tori situ\u00e9 sur le flanc de Uke),<br>maintien le poignet avec une main, et \u00e9crase le coude avec l&rsquo;autre main ou le genou.<br>&#8211; Tekubi-osae &#8211; Cl\u00e9 par hyperflexion du poignet. Uke debout ou au sol. Souvent r\u00e9alis\u00e9e en compl\u00e9ment de Waki-gatame,<br>ou sur Uke au sol avec le bras repli\u00e9 sur le c\u00f4t\u00e9 de la t\u00eate.<br>&#8211; Ude-nobashi &#8211; Uke est au sol, sur le dos. Tori \u00e9tire le bras de Uke vers la t\u00eate de celui-ci, dans l&rsquo;axe du corps,<br>fixant d&rsquo;une main la paume de main de Uke contre le sol, et venant \u00e9craser son coude avec l&rsquo;autre main.<br>&#8211; Kote-gaeshi &#8211; Torsion du poignet vers l&rsquo;ext\u00e9rieur (pouvant amener \u00e0 la chute).<br>&#8211; Kote-mawashi &#8211; Torsion du poignet vers l&rsquo;int\u00e9rieur. Pratiqu\u00e9e debout, elle peut permettre d&rsquo;amener Uke au sol.<br>&#8211; Kote-ineri &#8211; Torsion du poignet vers l&rsquo;int\u00e9rieur, mais avec le bras fl\u00e9chi, le coude dirig\u00e9 vers le haut et le poignet ramen\u00e9 vers l&rsquo;aisselle.<br>ainsi que: &#8211; Cl\u00e9s aux jambes: Ashi-Gatame, Ashi-Garami<br>&#8211; Cl\u00e9s aux pieds &#8211; Cl\u00e9s aux genoux<br>&#8211; Cl\u00e9s aux hanches &#8211; Cl\u00e9s au cou<\/td><\/tr><tr><td><strong>Petit lexique des techniques de blocage en Ju-Jitsu<\/strong><\/td><\/tr><tr><td>Jodan-Age-Uke Blocage haut en remontant, avant-bras \u00e0 45\u00b0, paume de main vers l&rsquo;avant<br>Uchi-Ude-Uke Blocage avec l&rsquo;avant-bras de l&rsquo;int\u00e9rieur vers l&rsquo;ext\u00e9rieur, paume de main vers soi, et de niveau Jodan ou Chudan<br>Shuto-Uke Blocage avec le tranchant de la main (c\u00f4t\u00e9 petit doigt)<br>Soto-Ude-Uke Blocage avec l&rsquo;avant-bras de l&rsquo;ext\u00e9rieur vers l&rsquo;int\u00e9rieur, paume de main vers soi<br>Teisho Blocage de la paume de la main, de niveau Jodan, Chudan ou Gedan<br>Morote-Teisho Blocage avec les deux mains (paumes), \u00e0 diff\u00e9rents niveaux<br>Juji-Uke Blocage en croix (Jodan ou Gedan)<br>A\u00efwan-Uke Blocage bas avec l&rsquo;avant-bras, de l&rsquo;ext\u00e9rieur vers l&rsquo;int\u00e9rieur<br>Gedan-Barai Blocage bas avec l&rsquo;avant-bras, de l&rsquo;int\u00e9rieur vers l&rsquo;ext\u00e9rieur<\/td><\/tr><tr><td><strong>Petit lexique des techniques d&rsquo;Atemi en Ju-Jitsu<\/strong><br><a href=\"#atemitewaza\"><br>TE-WAZA<\/a>&nbsp;(techniques de mains)<br><a href=\"#atemiashiwaza\">ASHI-WAZA<\/a>&nbsp;(techniques de jambes)<br><a href=\"#atemiatamawaza\">ATAMA-WAZA<\/a>&nbsp;(Atemi avec la t\u00eate)<\/td><\/tr><tr><td><strong>TE-WAZA<\/strong>&nbsp;(techniques de mains)<\/td><\/tr><tr><td>Tsukkake Coup de poing direct en position naturelle Shizentai<br>O\u00ef-Tsuki Coup de poing direct, du m\u00eame c\u00f4t\u00e9 que la jambe qui avance<br>Gyaku-Tsuki Coup de poing direct, du c\u00f4t\u00e9 oppos\u00e9 \u00e0 la jambe avanc\u00e9e<br>Kizami-Tsuki Coup de poing direct, du m\u00eame c\u00f4t\u00e9 que la jambe avanc\u00e9e, sans bouger<br>Shito-Tsuki (Nukite) Attaque directe de l&rsquo;extr\u00e9mit\u00e9 des doigts<br>Teisho-Tsuki Attaque directe de la paume de la main<br>Age-Tsuki Coup de poing remontant<br>Ganmen-Tsuki Coup de poing fouett\u00e9 du bras avant<br>Kizami Tsuki Coup de poing direct, du m\u00eame c\u00f4t\u00e9 que la jambe avanc\u00e9e, mais sans bouger<br>Shuto-TsukiShuto-Uchi Attaque directe de la fourche de la main (entre le pouce et l&rsquo;index)<br>Attaque circulaire avec le tranchant de la main (c\u00f4t\u00e9 petit doigt)<br>Ura-Uchi (Uraken) Attaque circulaire avec le revers du poing<br>Uchi-Oroshi (Tetsui) Attaque circulaire avec le dessous du poing (en marteau)<br>Naname-Tsuki(Mawashi-Tsuki) Attaque circulaire du poing de l&rsquo;ext\u00e9rieur vers l&rsquo;int\u00e9rieur<br>Haito-Uchi Attaque circulaire du tranchant de la main (c\u00f4t\u00e9 pouce index)<br>Maite-Uchi (Haishu-Uchi) Attaque circulaire du dessus de la main (main ouverte)<br>Igi-Uchi (Empi) Attaque du coude, directe, lat\u00e9rale, remontante, descendante, arri\u00e8re<\/td><\/tr><tr><td><strong>ASHI-WAZA<\/strong>&nbsp;(techniques de jambes)<\/td><\/tr><tr><td>Mae-Geri Keage Coup de pied direct de face fouett\u00e9<br>Mae-Geri Keikomi Coup de pied direct de face p\u00e9n\u00e9trant<br>Yoko-Geri Keage Coup de pied lat\u00e9ral fouett\u00e9<br>Yoko-Geri Keikomi Coup de pied lat\u00e9ral p\u00e9n\u00e9trant<br>Mawashi-Geri Coup de pied circulaire<br>Ushiro-Geri Keage Coup de pied arri\u00e8re fouett\u00e9<br>Ushiro-Geri Keikomi Coup de pied arri\u00e8re p\u00e9n\u00e9trant<br>Hiza-Geri Coup de genou, de face ou en position d\u00e9cal\u00e9e<br>Mikazuki-Geri Coup de pied en \u00ab\u00a0croissant\u00a0\u00bb avec le tranchant interne du pied<br>Ura-Mawashi-Geri Coup de pied circulaire en revers<br>Ushiro-Ura-Mawashi-Geri Coup de pied circulaire arri\u00e8re en revers<br>Gedan-Geri Coup de pied bas avec le tranchant interne du pied<br>Kakato-Geri Coup avec le talon<br>Fumi-Komi-Geri Coup de pied bas lat\u00e9ral avec le tranchant externe du pied<br>Kin-Geri Coup de pied remontant donn\u00e9 \u00e0 l\u2019entrejambe avec le dessus du pied<br>Tobi-Geri Coup de pied saut\u00e9<br>Nami-Gaeshi Retrait du pied et de la jambe vers le haut, en protection<br>Gyaku-Mawashi-Geri Coup de pied circulaire invers\u00e9<\/td><\/tr><tr><td><strong>ATAMA-WAZA<\/strong>&nbsp;(Atemi avec la t\u00eate)<\/td><\/tr><tr><td>Mae-Atama Coup avec la t\u00eate de face<br>Ushiro-Atama Coup avec la t\u00eate vers l&rsquo;arri\u00e8re<\/td><\/tr><\/tbody><\/table><\/figure>\n","protected":false},"excerpt":{"rendered":"<p>KOSHI-WAZA&nbsp;(techniques de hanche)TE-WAZA&nbsp;(techniques de mains)ASHI-WAZA&nbsp;(techniques de jambes)SUTEMI-WAZA&nbsp;(techniques de sacrifice) TACHI-WAZA KOSHI-WAZA&nbsp;(techniques de hanche) Hane-Goshi hanche percut\u00e9eHarai-Goshi hanche fauch\u00e9eKoshi-Guruma enroulemt sur la hancheO-Goshi gde bascule de hancheTsuri-Komi-Goshi hanche p\u00each\u00e9eUki-Goshi hanche flott\u00e9eUshiro-Goshi contre de hanche arri\u00e8reUtsuri-Goshi contre de hanche avantKubi-Nage proj. par le cou avec barrage TE-WAZA&nbsp;(techniques de mains) Ippon-Seoi-Nage project\u00b0 par l&rsquo;\u00e9pauleKata-Guruma enroulemt sur les \u00e9paulesKuchiki-Daoshi &hellip; <a href=\"https:\/\/judofenouillet.fr\/index.php\/petit-lexique-des-techniques-de-projection-judo-ju-jitsu\/\" class=\"more-link\">Continue reading <span class=\"screen-reader-text\">Petit lexique des techniques de  Judo Ju-Jitsu<\/span><\/a><\/p>\n","protected":false},"author":2,"featured_media":0,"parent":0,"menu_order":0,"comment_status":"closed","ping_status":"closed","template":"","meta":{"footnotes":""},"class_list":["post-978","page","type-page","status-publish","hentry"],"jetpack_sharing_enabled":true,"_links":{"self":[{"href":"https:\/\/judofenouillet.fr\/index.php\/wp-json\/wp\/v2\/pages\/978"}],"collection":[{"href":"https:\/\/judofenouillet.fr\/index.php\/wp-json\/wp\/v2\/pages"}],"about":[{"href":"https:\/\/judofenouillet.fr\/index.php\/wp-json\/wp\/v2\/types\/page"}],"author":[{"embeddable":true,"href":"https:\/\/judofenouillet.fr\/index.php\/wp-json\/wp\/v2\/users\/2"}],"replies":[{"embeddable":true,"href":"https:\/\/judofenouillet.fr\/index.php\/wp-json\/wp\/v2\/comments?post=978"}],"version-history":[{"count":5,"href":"https:\/\/judofenouillet.fr\/index.php\/wp-json\/wp\/v2\/pages\/978\/revisions"}],"predecessor-version":[{"id":991,"href":"https:\/\/judofenouillet.fr\/index.php\/wp-json\/wp\/v2\/pages\/978\/revisions\/991"}],"wp:attachment":[{"href":"https:\/\/judofenouillet.fr\/index.php\/wp-json\/wp\/v2\/media?parent=978"}],"curies":[{"name":"wp","href":"https:\/\/api.w.org\/{rel}","templated":true}]}}